{"id":78,"date":"2025-09-25T14:09:23","date_gmt":"2025-09-25T19:09:23","guid":{"rendered":"https:\/\/www.chuyasoncco.site\/es\/?page_id=78"},"modified":"2025-09-25T14:40:55","modified_gmt":"2025-09-25T19:40:55","slug":"dos-formas-de-apoyar-a-chuya-soncco","status":"publish","type":"page","link":"https:\/\/www.chuyasoncco.site\/es\/dos-formas-de-apoyar-a-chuya-soncco\/","title":{"rendered":"Dos formas de apoyar a Chuya Soncco"},"content":{"rendered":"\n<h2 class=\"wp-block-heading\">\u00danete a nuestra misi\u00f3n de transformaci\u00f3n humana, social y tecnol\u00f3gica.<\/h2>\n\n\n\n<p>Realiza una donaci\u00f3n \u00fanica o recurrente para apoyar los proyectos de Chuya Soncco, incluyendo <strong>Biological Engineering Xplore (BEX)<\/strong> y las iniciativas comunitarias.<\/p>\n\n\n\n<div style=\"height:36px\" aria-hidden=\"true\" class=\"wp-block-spacer\"><\/div>\n\n\n\n<style>\n.pp-SBTSYA3UY52Z4 {\n  text-align: center;\n  border: none;\n  border-radius: 0.25rem;\n  width: 100%; \/* \u2705 ocupa todo el ancho *\/\n  padding: 0 2rem;\n  height: 3.125rem;\n  font-weight: bold;\n  background-color: #FFD140;\n  color: #000000;\n  font-family: \"Helvetica Neue\", Arial, sans-serif;\n  font-size: 1.125rem;\n  line-height: 1.5rem;\n  cursor: pointer;\n}\n<\/style>\n\n<form action=\"https:\/\/www.paypal.com\/ncp\/payment\/SBTSYA3UY52Z4\" \n      method=\"post\" \n      target=\"_blank\" \n      style=\"display:inline-grid;justify-items:center;align-content:start;gap:0.5rem;width:100%;\">\n  \n  <input class=\"pp-SBTSYA3UY52Z4\" type=\"submit\" value=\"Donar\" \/>\n\n<br>\n  \n  <img decoding=\"async\" src=\"https:\/\/www.paypalobjects.com\/images\/Debit_Credit_APM.svg\" alt=\"cards\" \/>\n  \n  <section style=\"font-size: 0.75rem;\"> \n    Con la tecnolog\u00eda de \n    <img decoding=\"async\" src=\"https:\/\/www.paypalobjects.com\/paypal-ui\/logos\/svg\/paypal-wordmark-color.svg\" \n         alt=\"paypal\" \n         style=\"height:0.875rem;vertical-align:middle;\"\/>\n  <\/section>\n<\/form>\n\n\n\n<div style=\"height:36px\" aria-hidden=\"true\" class=\"wp-block-spacer\"><\/div>\n\n\n\n<p>Suscr\u00edbete a <strong>Bibles: Amigos Cristianos de Chuya Soncco<\/strong> por solo $5\/mes. Obt\u00e9n acceso a cientos de recursos cristianos mientras apoyas nuestros proyectos. <strong>Suscr\u00edbete hoy:<\/strong><\/p>\n\n\n\n<div style=\"height:30px\" aria-hidden=\"true\" class=\"wp-block-spacer\"><\/div>\n\n\n\n<div class=\"wp-block-buttons is-content-justification-center is-layout-flex wp-container-core-buttons-is-layout-16018d1d wp-block-buttons-is-layout-flex\">\n<div class=\"wp-block-button has-custom-width wp-block-button__width-100\"><a class=\"wp-block-button__link has-black-background-color has-background has-medium-font-size has-custom-font-size wp-element-button\" href=\"https:\/\/www.bibles.cloud\/\" style=\"border-radius:46px\" target=\"_blank\" rel=\"noreferrer noopener\">www.bibles.cloud<\/a><\/div>\n<\/div>\n\n\n\n<div style=\"height:23px\" aria-hidden=\"true\" class=\"wp-block-spacer\"><\/div>\n\n\n\n<p class=\"has-medium-font-size\"><strong>Descarga la aplicaci\u00f3n de Bibles:<\/strong><\/p>\n\n\n\n<div style=\"height:7px\" aria-hidden=\"true\" class=\"wp-block-spacer\"><\/div>\n\n\n\n<figure class=\"wp-block-image size-large\"><a href=\"https:\/\/play.google.com\/store\/apps\/details?id=com.cloud.bibles\" target=\"_blank\" rel=\" noreferrer noopener\"><img decoding=\"async\" src=\"https:\/\/www.chuyasoncco.site\/wp-content\/uploads\/2025\/09\/vecteezy_badge-google-play-and-app-store-button-download_24170871-1024x335.png\" alt=\"\" class=\"wp-image-411\"\/><\/a><\/figure>\n\n\n\n<div style=\"height:40px\" aria-hidden=\"true\" class=\"wp-block-spacer\"><\/div>\n","protected":false},"excerpt":{"rendered":"<p>\u00danete a nuestra misi\u00f3n de transformaci\u00f3n humana, social y tecnol\u00f3gica. Realiza una donaci\u00f3n \u00fanica o recurrente para apoyar los proyectos de Chuya Soncco, incluyendo Biological Engineering Xplore (BEX) y las&hellip;<\/p>\n","protected":false},"author":1,"featured_media":0,"parent":0,"menu_order":0,"comment_status":"closed","ping_status":"closed","template":"","meta":{"footnotes":""},"class_list":["post-78","page","type-page","status-publish","hentry"],"_links":{"self":[{"href":"https:\/\/www.chuyasoncco.site\/es\/wp-json\/wp\/v2\/pages\/78","targetHints":{"allow":["GET"]}}],"collection":[{"href":"https:\/\/www.chuyasoncco.site\/es\/wp-json\/wp\/v2\/pages"}],"about":[{"href":"https:\/\/www.chuyasoncco.site\/es\/wp-json\/wp\/v2\/types\/page"}],"author":[{"embeddable":true,"href":"https:\/\/www.chuyasoncco.site\/es\/wp-json\/wp\/v2\/users\/1"}],"replies":[{"embeddable":true,"href":"https:\/\/www.chuyasoncco.site\/es\/wp-json\/wp\/v2\/comments?post=78"}],"version-history":[{"count":3,"href":"https:\/\/www.chuyasoncco.site\/es\/wp-json\/wp\/v2\/pages\/78\/revisions"}],"predecessor-version":[{"id":95,"href":"https:\/\/www.chuyasoncco.site\/es\/wp-json\/wp\/v2\/pages\/78\/revisions\/95"}],"wp:attachment":[{"href":"https:\/\/www.chuyasoncco.site\/es\/wp-json\/wp\/v2\/media?parent=78"}],"curies":[{"name":"wp","href":"https:\/\/api.w.org\/{rel}","templated":true}]}}