{"id":81,"date":"2025-09-25T14:12:35","date_gmt":"2025-09-25T19:12:35","guid":{"rendered":"https:\/\/www.chuyasoncco.site\/es\/?page_id=81"},"modified":"2025-10-10T17:13:10","modified_gmt":"2025-10-10T22:13:10","slug":"donar","status":"publish","type":"page","link":"https:\/\/www.chuyasoncco.site\/es\/donar\/","title":{"rendered":"Donar"},"content":{"rendered":"\n<p><strong>\u00a1Tu apoyo marca la diferencia!<\/strong><\/p>\n\n\n\n<p>Al donar a <strong>Chuya Soncco<\/strong>, nos ayudas a mantener proyectos como <strong>Biological Engineering Xplore (BEX)<\/strong>. Juntos, podemos llevar esperanza, innovaci\u00f3n y transformaci\u00f3n a las comunidades que m\u00e1s lo necesitan.<\/p>\n\n\n\n<p><strong>\u00danete hoy \u2014 tu contribuci\u00f3n genera un impacto duradero.<\/strong><\/p>\n\n\n\n<div style=\"height:23px\" aria-hidden=\"true\" class=\"wp-block-spacer\"><\/div>\n\n\n\n<style>\n.pp-SBTSYA3UY52Z4 {\n  text-align: center;\n  border: none;\n  border-radius: 0.25rem;\n  width: 100%; \/* \u2705 ocupa todo el ancho *\/\n  padding: 0 2rem;\n  height: 3.125rem;\n  font-weight: bold;\n  background-color: #FFD140;\n  color: #000000;\n  font-family: \"Helvetica Neue\", Arial, sans-serif;\n  font-size: 1.125rem;\n  line-height: 1.5rem;\n  cursor: pointer;\n}\n<\/style>\n\n<form action=\"https:\/\/www.paypal.com\/ncp\/payment\/SBTSYA3UY52Z4\" \n      method=\"post\" \n      target=\"_blank\" \n      style=\"display:inline-grid;justify-items:center;align-content:start;gap:0.5rem;width:100%;\">\n  \n  <input class=\"pp-SBTSYA3UY52Z4\" type=\"submit\" value=\"Donar\" \/>\n\n<br>\n  \n  <img decoding=\"async\" src=\"https:\/\/www.paypalobjects.com\/images\/Debit_Credit_APM.svg\" alt=\"cards\" \/>\n  \n  <section style=\"font-size: 0.75rem;\"> \n    Con la tecnolog\u00eda de \n    <img decoding=\"async\" src=\"https:\/\/www.paypalobjects.com\/paypal-ui\/logos\/svg\/paypal-wordmark-color.svg\" \n         alt=\"paypal\" \n         style=\"height:0.875rem;vertical-align:middle;\"\/>\n  <\/section>\n<\/form>\n","protected":false},"excerpt":{"rendered":"<p>\u00a1Tu apoyo marca la diferencia! Al donar a Chuya Soncco, nos ayudas a mantener proyectos como Biological Engineering Xplore (BEX). Juntos, podemos llevar esperanza, innovaci\u00f3n y transformaci\u00f3n a las comunidades&hellip;<\/p>\n","protected":false},"author":1,"featured_media":0,"parent":0,"menu_order":0,"comment_status":"closed","ping_status":"closed","template":"","meta":{"footnotes":""},"class_list":["post-81","page","type-page","status-publish","hentry"],"_links":{"self":[{"href":"https:\/\/www.chuyasoncco.site\/es\/wp-json\/wp\/v2\/pages\/81","targetHints":{"allow":["GET"]}}],"collection":[{"href":"https:\/\/www.chuyasoncco.site\/es\/wp-json\/wp\/v2\/pages"}],"about":[{"href":"https:\/\/www.chuyasoncco.site\/es\/wp-json\/wp\/v2\/types\/page"}],"author":[{"embeddable":true,"href":"https:\/\/www.chuyasoncco.site\/es\/wp-json\/wp\/v2\/users\/1"}],"replies":[{"embeddable":true,"href":"https:\/\/www.chuyasoncco.site\/es\/wp-json\/wp\/v2\/comments?post=81"}],"version-history":[{"count":4,"href":"https:\/\/www.chuyasoncco.site\/es\/wp-json\/wp\/v2\/pages\/81\/revisions"}],"predecessor-version":[{"id":190,"href":"https:\/\/www.chuyasoncco.site\/es\/wp-json\/wp\/v2\/pages\/81\/revisions\/190"}],"wp:attachment":[{"href":"https:\/\/www.chuyasoncco.site\/es\/wp-json\/wp\/v2\/media?parent=81"}],"curies":[{"name":"wp","href":"https:\/\/api.w.org\/{rel}","templated":true}]}}