{"id":90,"date":"2025-09-25T14:36:27","date_gmt":"2025-09-25T19:36:27","guid":{"rendered":"https:\/\/www.chuyasoncco.site\/es\/?page_id=90"},"modified":"2025-10-15T17:28:01","modified_gmt":"2025-10-15T22:28:01","slug":"biblias-amigos-cristianos-de-chuya-soncco","status":"publish","type":"page","link":"https:\/\/www.chuyasoncco.site\/es\/biblias-amigos-cristianos-de-chuya-soncco\/","title":{"rendered":"Bibles: Amigos Cristianos de Chuya Soncco"},"content":{"rendered":"\n<p>En la intersecci\u00f3n de la devoci\u00f3n espiritual y la innovaci\u00f3n de vanguardia, ha surgido una iniciativa destinada a cambiarlo todo. <strong>Bibles<\/strong>, un proyecto impulsado por el colectivo de voluntarios y expertos t\u00e9cnicos&nbsp;<strong>Amigos Cristianos de Chuya Soncco<\/strong>, no es solo una aplicaci\u00f3n: es un ecosistema que fusiona la fe, la inteligencia artificial y el desarrollo cient\u00edfico para generar un impacto tangible en el mundo.<\/p>\n\n\n\n<p>Esta plataforma nace con una doble misi\u00f3n: por un lado, busca fortalecer y profundizar la vida de fe de miles de creyentes mediante tecnolog\u00eda de punta. Por otro, convierte a cada usuario en un agente de cambio, al destinar los fondos recaudados a sostener las actividades de Chuya Soncco y a financiar proyectos tan ambiciosos como&nbsp;<strong>BEX (Biological Engineering Xplore)<\/strong>.<\/p>\n\n\n\n<div style=\"height:20px\" aria-hidden=\"true\" class=\"wp-block-spacer\"><\/div>\n\n\n\n<div class=\"wp-block-buttons is-layout-flex wp-block-buttons-is-layout-flex\">\n<div class=\"wp-block-button\"><a class=\"wp-block-button__link has-black-background-color has-background wp-element-button\" href=\"https:\/\/www.chuyasoncco.site\/es\/dos-formas-de-apoyar-a-chuya-soncco\/\">Descubre c\u00f3mo puedes apoyar a Bibles<\/a><\/div>\n<\/div>\n\n\n\n<div style=\"height:19px\" aria-hidden=\"true\" class=\"wp-block-spacer\"><\/div>\n\n\n\n<h2 class=\"wp-block-heading\"><strong>Recursos Cristianos Impulsados por la Tecnolog\u00eda<\/strong><\/h2>\n\n\n\n<p>En un mundo saturado de informaci\u00f3n, <strong>Bibles <\/strong>emerge como una soluci\u00f3n inteligente para el creyente moderno. La aplicaci\u00f3n integra <strong>inteligencia artificial avanzada y algoritmos de aprendizaje autom\u00e1tico<\/strong> para ofrecer un acceso sin precedentes a una vasta base de datos de contenido cristiano. Su sistema no solo organiza, sino que personaliza la experiencia de estudio de la Palabra de Dios.<\/p>\n\n\n\n<p class=\"has-medium-font-size\"><strong>Descarga la Aplicaci\u00f3n de Bibles<\/strong>:<\/p>\n\n\n\n<div style=\"height:14px\" aria-hidden=\"true\" class=\"wp-block-spacer\"><\/div>\n\n\n\n<figure class=\"wp-block-image size-large\"><a href=\"https:\/\/play.google.com\/store\/apps\/details?id=com.cloud.bibles\" target=\"_blank\" rel=\" noreferrer noopener\"><img loading=\"lazy\" decoding=\"async\" width=\"1024\" height=\"344\" src=\"https:\/\/www.chuyasoncco.site\/es\/wp-content\/uploads\/sites\/2\/2025\/10\/pngkey.com-play-store-icon-png-2031321-1024x344.png\" alt=\"\" class=\"wp-image-181\" srcset=\"https:\/\/www.chuyasoncco.site\/es\/wp-content\/uploads\/sites\/2\/2025\/10\/pngkey.com-play-store-icon-png-2031321-1024x344.png 1024w, https:\/\/www.chuyasoncco.site\/es\/wp-content\/uploads\/sites\/2\/2025\/10\/pngkey.com-play-store-icon-png-2031321-300x101.png 300w, https:\/\/www.chuyasoncco.site\/es\/wp-content\/uploads\/sites\/2\/2025\/10\/pngkey.com-play-store-icon-png-2031321-768x258.png 768w, https:\/\/www.chuyasoncco.site\/es\/wp-content\/uploads\/sites\/2\/2025\/10\/pngkey.com-play-store-icon-png-2031321.png 1221w\" sizes=\"auto, (max-width: 1024px) 100vw, 1024px\" \/><\/a><\/figure>\n\n\n\n<div style=\"height:14px\" aria-hidden=\"true\" class=\"wp-block-spacer\"><\/div>\n\n\n\n<p>La aplicaci\u00f3n organiza y ofrece recursos personalizados que incluyen:<\/p>\n\n\n\n<ul class=\"wp-block-list\">\n<li>Comentarios anal\u00edticos de la Biblia de reconocidos eruditos.<\/li>\n\n\n\n<li>Diccionarios y enciclopedias de t\u00e9rminos teol\u00f3gicos.<\/li>\n\n\n\n<li>Recursos de referencia sobre historias b\u00edblicas, geograf\u00eda y culturas.<\/li>\n\n\n\n<li>Materiales de ense\u00f1anza y capacitaci\u00f3n para ministerios.<\/li>\n\n\n\n<li>Devocionales, estudios tem\u00e1ticos y gu\u00edas pr\u00e1cticas.<\/li>\n\n\n\n<li>M\u00faltiples traducciones de las Sagradas Escrituras.<\/li>\n\n\n\n<li>M\u00fasica cristiana exclusiva.<\/li>\n\n\n\n<li>Podcast que nos inspira a vivir en plenitud.<\/li>\n<\/ul>\n\n\n\n<p>Gracias a la inteligencia artificial, <strong>Bibles<\/strong> puede analizar los patrones de lectura y las necesidades de los suscriptores, ofreciendo una experiencia din\u00e1mica enfocada en el crecimiento espiritual continuo.<\/p>\n\n\n\n<h2 class=\"wp-block-heading has-text-align-center has-pale-pink-color has-text-color has-link-color wp-elements-711ccc449bf9de0dbce1122fb45d1fa7\"><strong>Contribuyendo al Desarrollo<\/strong><\/h2>\n\n\n<div class=\"wp-block-image\">\n<figure class=\"aligncenter size-full\"><img decoding=\"async\" src=\"https:\/\/www.chuyasoncco.site\/wp-content\/uploads\/2025\/09\/Bibles.jpg\" alt=\"\" class=\"wp-image-400\"\/><\/figure><\/div>\n\n\n<h2 class=\"wp-block-heading\"><strong>Impacto Espiritual y Social<\/strong><\/h2>\n\n\n\n<p>El verdadero poder de<strong> Bibles <\/strong>reside en su modelo de impacto. Mediante una suscripci\u00f3n, cada usuario no solo obtiene acceso ilimitado a estas herramientas espirituales, sino que se convierte en un \u00abAmigo Cristiano\u00bb, un pilar fundamental que sostiene la misi\u00f3n de Chuya Soncco.<\/p>\n\n\n\n<p>Estos fondos garantizan la continuidad de las actividades de la organizaci\u00f3n y, de manera crucial, impulsan proyectos que desaf\u00edan los l\u00edmites del conocimiento. El principal de ellos es&nbsp;<strong>BEX (Biological Engineering Xplore)<\/strong>, una iniciativa innovadora enfocada en la ingenier\u00eda biol\u00f3gica. Al apoyar \u00abBibles\u00bb, la comunidad de fe no solo nutre su esp\u00edritu, sino que tambi\u00e9n invierte directamente en el futuro del desarrollo humano, cient\u00edfico y social.<\/p>\n\n\n\n<p>Este modelo solidario demuestra que la fe no est\u00e1 re\u00f1ida con la ciencia; al contrario, pueden caminar de la mano. Los suscriptores participan activamente en un c\u00edrculo virtuoso donde el crecimiento espiritual personal alimenta directamente el progreso y la innovaci\u00f3n.<\/p>\n\n\n\n<div style=\"height:20px\" aria-hidden=\"true\" class=\"wp-block-spacer\"><\/div>\n\n\n\n<div class=\"wp-block-buttons is-layout-flex wp-block-buttons-is-layout-flex\">\n<div class=\"wp-block-button\"><a class=\"wp-block-button__link has-black-background-color has-background wp-element-button\" href=\"https:\/\/www.chuyasoncco.site\/es\/dos-formas-de-apoyar-a-chuya-soncco\/\">Descubre c\u00f3mo puedes apoyar a Bibles<\/a><\/div>\n<\/div>\n\n\n\n<div style=\"height:19px\" aria-hidden=\"true\" class=\"wp-block-spacer\"><\/div>\n\n\n\n<p><strong>Bibles<\/strong> refleja una visi\u00f3n audaz e integral: la tecnolog\u00eda y la fe, unidas, tienen el poder de transformar vidas, comunidades y el futuro mismo. Es una invitaci\u00f3n a ser parte de algo m\u00e1s grande, a invertir en una herramienta que enriquece el alma mientras construye un legado de solidaridad y avance.<\/p>\n\n\n\n<p>El proyecto de <strong>Amigos Cristianos de Chuya Soncco<\/strong> es un testimonio de que la innovaci\u00f3n, cuando est\u00e1 guiada por un prop\u00f3sito trascendente, puede convertirse en el m\u00e1s poderoso acto de fe.<\/p>\n\n\n\n<p><strong>Descubre m\u00e1s sobre Bibles y \u00fanete como suscriptor en:<\/strong><\/p>\n\n\n\n<div style=\"height:27px\" aria-hidden=\"true\" class=\"wp-block-spacer\"><\/div>\n\n\n\n<div class=\"wp-block-buttons is-content-justification-center is-layout-flex wp-container-core-buttons-is-layout-16018d1d wp-block-buttons-is-layout-flex\">\n<div class=\"wp-block-button has-custom-width wp-block-button__width-100\"><a class=\"wp-block-button__link has-black-background-color has-background has-medium-font-size has-custom-font-size wp-element-button\" href=\"https:\/\/www.bibles.cloud\/\" style=\"border-radius:46px\" target=\"_blank\" rel=\"noreferrer noopener\">www.bibles.cloud<\/a><\/div>\n<\/div>\n\n\n\n<div style=\"height:16px\" aria-hidden=\"true\" class=\"wp-block-spacer\"><\/div>\n\n\n\n<p class=\"has-medium-font-size\"><strong>Descarga la Aplicaci\u00f3n de Bibles<\/strong>:<\/p>\n\n\n\n<div style=\"height:14px\" aria-hidden=\"true\" class=\"wp-block-spacer\"><\/div>\n\n\n\n<figure class=\"wp-block-image size-large\"><a href=\"https:\/\/play.google.com\/store\/apps\/details?id=com.cloud.bibles\" target=\"_blank\" rel=\" noreferrer noopener\"><img loading=\"lazy\" decoding=\"async\" width=\"1024\" height=\"344\" src=\"https:\/\/www.chuyasoncco.site\/es\/wp-content\/uploads\/sites\/2\/2025\/10\/pngkey.com-play-store-icon-png-2031321-1024x344.png\" alt=\"\" class=\"wp-image-181\" srcset=\"https:\/\/www.chuyasoncco.site\/es\/wp-content\/uploads\/sites\/2\/2025\/10\/pngkey.com-play-store-icon-png-2031321-1024x344.png 1024w, https:\/\/www.chuyasoncco.site\/es\/wp-content\/uploads\/sites\/2\/2025\/10\/pngkey.com-play-store-icon-png-2031321-300x101.png 300w, https:\/\/www.chuyasoncco.site\/es\/wp-content\/uploads\/sites\/2\/2025\/10\/pngkey.com-play-store-icon-png-2031321-768x258.png 768w, https:\/\/www.chuyasoncco.site\/es\/wp-content\/uploads\/sites\/2\/2025\/10\/pngkey.com-play-store-icon-png-2031321.png 1221w\" sizes=\"auto, (max-width: 1024px) 100vw, 1024px\" \/><\/a><\/figure>\n\n\n\n<div style=\"height:20px\" aria-hidden=\"true\" class=\"wp-block-spacer\"><\/div>\n\n\n\n<p><\/p>\n","protected":false},"excerpt":{"rendered":"<p>En la intersecci\u00f3n de la devoci\u00f3n espiritual y la innovaci\u00f3n de vanguardia, ha surgido una iniciativa destinada a cambiarlo todo. Bibles, un proyecto impulsado por el colectivo de voluntarios y&hellip;<\/p>\n","protected":false},"author":1,"featured_media":178,"parent":0,"menu_order":0,"comment_status":"closed","ping_status":"closed","template":"","meta":{"footnotes":""},"class_list":["post-90","page","type-page","status-publish","has-post-thumbnail","hentry"],"_links":{"self":[{"href":"https:\/\/www.chuyasoncco.site\/es\/wp-json\/wp\/v2\/pages\/90","targetHints":{"allow":["GET"]}}],"collection":[{"href":"https:\/\/www.chuyasoncco.site\/es\/wp-json\/wp\/v2\/pages"}],"about":[{"href":"https:\/\/www.chuyasoncco.site\/es\/wp-json\/wp\/v2\/types\/page"}],"author":[{"embeddable":true,"href":"https:\/\/www.chuyasoncco.site\/es\/wp-json\/wp\/v2\/users\/1"}],"replies":[{"embeddable":true,"href":"https:\/\/www.chuyasoncco.site\/es\/wp-json\/wp\/v2\/comments?post=90"}],"version-history":[{"count":14,"href":"https:\/\/www.chuyasoncco.site\/es\/wp-json\/wp\/v2\/pages\/90\/revisions"}],"predecessor-version":[{"id":194,"href":"https:\/\/www.chuyasoncco.site\/es\/wp-json\/wp\/v2\/pages\/90\/revisions\/194"}],"wp:featuredmedia":[{"embeddable":true,"href":"https:\/\/www.chuyasoncco.site\/es\/wp-json\/wp\/v2\/media\/178"}],"wp:attachment":[{"href":"https:\/\/www.chuyasoncco.site\/es\/wp-json\/wp\/v2\/media?parent=90"}],"curies":[{"name":"wp","href":"https:\/\/api.w.org\/{rel}","templated":true}]}}